{"id":2864,"date":"2020-05-31T08:02:20","date_gmt":"2020-05-31T06:02:20","guid":{"rendered":"https:\/\/tienda.synergy4u.eu\/producto\/libro-de-visitas-empresa\/"},"modified":"2024-10-29T11:58:19","modified_gmt":"2024-10-29T10:58:19","slug":"llibre-de-visites-empreses","status":"publish","type":"product","link":"https:\/\/tienda.synergy4u.eu\/ca\/tienda\/software-ca\/llibre-de-visites-empreses\/","title":{"rendered":"Llibre de visites per a empreses"},"content":{"rendered":"","protected":false},"excerpt":{"rendered":"<p>Es tracta d&#8217;un llibre de visites per a empreses. Consisteix en una tauleta amb un programari que registra les entrades i sortides dels visitants d&#8217;una empresa i, emmagatzema la informaci\u00f3 en una base de dades situada en un servidor en el n\u00favol per a la seva posterior consulta i tractament.<\/p>\n<p>El client pot accedir a aquesta informaci\u00f3 a trav\u00e9s d&#8217;una aplicaci\u00f3 web allotjada tamb\u00e9 al n\u00favol.<\/p>\n","protected":false},"featured_media":2762,"comment_status":"closed","ping_status":"closed","template":"","meta":[],"product_cat":[73],"product_tag":[],"class_list":["post-2864","product","type-product","status-publish","has-post-thumbnail","hentry","product_cat-software-ca"],"aioseo_notices":[],"_links":{"self":[{"href":"https:\/\/tienda.synergy4u.eu\/ca\/wp-json\/wp\/v2\/product\/2864","targetHints":{"allow":["GET"]}}],"collection":[{"href":"https:\/\/tienda.synergy4u.eu\/ca\/wp-json\/wp\/v2\/product"}],"about":[{"href":"https:\/\/tienda.synergy4u.eu\/ca\/wp-json\/wp\/v2\/types\/product"}],"replies":[{"embeddable":true,"href":"https:\/\/tienda.synergy4u.eu\/ca\/wp-json\/wp\/v2\/comments?post=2864"}],"wp:featuredmedia":[{"embeddable":true,"href":"https:\/\/tienda.synergy4u.eu\/ca\/wp-json\/wp\/v2\/media\/2762"}],"wp:attachment":[{"href":"https:\/\/tienda.synergy4u.eu\/ca\/wp-json\/wp\/v2\/media?parent=2864"}],"wp:term":[{"taxonomy":"product_cat","embeddable":true,"href":"https:\/\/tienda.synergy4u.eu\/ca\/wp-json\/wp\/v2\/product_cat?post=2864"},{"taxonomy":"product_tag","embeddable":true,"href":"https:\/\/tienda.synergy4u.eu\/ca\/wp-json\/wp\/v2\/product_tag?post=2864"}],"curies":[{"name":"wp","href":"https:\/\/api.w.org\/{rel}","templated":true}]}}