{"id":2861,"date":"2023-11-29T09:24:03","date_gmt":"2023-11-29T08:24:03","guid":{"rendered":"https:\/\/tienda.synergy4u.eu\/producto\/timesheet-gestion-empresarial\/"},"modified":"2024-10-29T11:59:29","modified_gmt":"2024-10-29T10:59:29","slug":"timesheet-gestio-empresarial","status":"publish","type":"product","link":"https:\/\/tienda.synergy4u.eu\/ca\/tienda\/software-ca\/timesheet-gestio-empresarial\/","title":{"rendered":"TimeSheet &#8211; Gesti\u00f3 empresarial"},"content":{"rendered":"","protected":false},"excerpt":{"rendered":"<p style=\"text-align: justify;\">Soluci\u00f3 integral en el n\u00favol dissenyat per a optimitzar la gesti\u00f3 empresarial. Les seves principals funcionalitats s\u00f3n:<\/p>\n<p>&#8211; Seguiment i control de projectes: capturi el temps que els empleats dediquen a tasques i projectes.<br \/>\n&#8211; Control de pres\u00e8ncia per a empleats: realitzi un seguiment de l&#8217;assist\u00e8ncia dels seus empleats des de qualsevol dels seus dispositius, ja sigui des de l&#8217;app m\u00f2bil com des de l&#8217;aplicaci\u00f3 web.<br \/>\n&#8211; Gesti\u00f3 de recursos humans: el nostre m\u00f2dul de recursos humans maneja les sol\u00b7licituds dels empleats, les aprovacions dels supervisors i els c\u00e0lculs de despeses.<br \/>\n&#8211; M\u00f2dul de gesti\u00f3 comercial: gesti\u00f3 de clients, contactes, prove\u00efdors, ofertes, comandes\u2026<br \/>\n&#8211; Informes: diversos informes predefinits en format Excel proporcionen la informaci\u00f3 que necessites.<br \/>\n&#8211; Facturaci\u00f3: registro facturaci\u00f3, per a an\u00e0lisi de rendibilitat de projectes.<\/p>\n","protected":false},"featured_media":2757,"comment_status":"closed","ping_status":"closed","template":"","meta":[],"product_cat":[73],"product_tag":[],"class_list":["post-2861","product","type-product","status-publish","has-post-thumbnail","hentry","product_cat-software-ca"],"aioseo_notices":[],"_links":{"self":[{"href":"https:\/\/tienda.synergy4u.eu\/ca\/wp-json\/wp\/v2\/product\/2861","targetHints":{"allow":["GET"]}}],"collection":[{"href":"https:\/\/tienda.synergy4u.eu\/ca\/wp-json\/wp\/v2\/product"}],"about":[{"href":"https:\/\/tienda.synergy4u.eu\/ca\/wp-json\/wp\/v2\/types\/product"}],"replies":[{"embeddable":true,"href":"https:\/\/tienda.synergy4u.eu\/ca\/wp-json\/wp\/v2\/comments?post=2861"}],"wp:featuredmedia":[{"embeddable":true,"href":"https:\/\/tienda.synergy4u.eu\/ca\/wp-json\/wp\/v2\/media\/2757"}],"wp:attachment":[{"href":"https:\/\/tienda.synergy4u.eu\/ca\/wp-json\/wp\/v2\/media?parent=2861"}],"wp:term":[{"taxonomy":"product_cat","embeddable":true,"href":"https:\/\/tienda.synergy4u.eu\/ca\/wp-json\/wp\/v2\/product_cat?post=2861"},{"taxonomy":"product_tag","embeddable":true,"href":"https:\/\/tienda.synergy4u.eu\/ca\/wp-json\/wp\/v2\/product_tag?post=2861"}],"curies":[{"name":"wp","href":"https:\/\/api.w.org\/{rel}","templated":true}]}}