{"id":2858,"date":"2023-11-29T09:42:44","date_gmt":"2023-11-29T08:42:44","guid":{"rendered":"https:\/\/tienda.synergy4u.eu\/producto\/aplicacion-control-de-asistencia\/"},"modified":"2024-10-29T11:56:17","modified_gmt":"2024-10-29T10:56:17","slug":"aplicacio-control-assistencia","status":"publish","type":"product","link":"https:\/\/tienda.synergy4u.eu\/ca\/tienda\/software-ca\/aplicacio-control-assistencia\/","title":{"rendered":"Aplicaci\u00f3 control d&#8217;assist\u00e8ncia"},"content":{"rendered":"","protected":false},"excerpt":{"rendered":"<p>Aplicaci\u00f3 de control d&#8217;assist\u00e8ncia que funciona amb Android. Permet als empleats registrar les seves entrades i sortides de manera r\u00e0pida i segura, mitjan\u00e7ant la introducci\u00f3 d&#8217;un codi personal \u00fanic. Les dades registrades poden ser exportades f\u00e0cilment en format CSV, permetent una integraci\u00f3 senzilla amb sistemes existents de n\u00f2mina i recursos humans.<\/p>\n<p>Ideal per a negocis de totes les grand\u00e0ries. Interf\u00edcie intu\u00eftiva i f\u00e0cil d&#8217;usar.<\/p>\n<p>Oferim opcions de personalitzaci\u00f3 per a adaptar la sortida de dades a les necessitats espec\u00edfiques de cada empresa, o per a connectar-la amb altres plataformes.<\/p>\n","protected":false},"featured_media":2765,"comment_status":"closed","ping_status":"closed","template":"","meta":[],"product_cat":[73],"product_tag":[],"class_list":["post-2858","product","type-product","status-publish","has-post-thumbnail","hentry","product_cat-software-ca"],"aioseo_notices":[],"_links":{"self":[{"href":"https:\/\/tienda.synergy4u.eu\/ca\/wp-json\/wp\/v2\/product\/2858","targetHints":{"allow":["GET"]}}],"collection":[{"href":"https:\/\/tienda.synergy4u.eu\/ca\/wp-json\/wp\/v2\/product"}],"about":[{"href":"https:\/\/tienda.synergy4u.eu\/ca\/wp-json\/wp\/v2\/types\/product"}],"replies":[{"embeddable":true,"href":"https:\/\/tienda.synergy4u.eu\/ca\/wp-json\/wp\/v2\/comments?post=2858"}],"wp:featuredmedia":[{"embeddable":true,"href":"https:\/\/tienda.synergy4u.eu\/ca\/wp-json\/wp\/v2\/media\/2765"}],"wp:attachment":[{"href":"https:\/\/tienda.synergy4u.eu\/ca\/wp-json\/wp\/v2\/media?parent=2858"}],"wp:term":[{"taxonomy":"product_cat","embeddable":true,"href":"https:\/\/tienda.synergy4u.eu\/ca\/wp-json\/wp\/v2\/product_cat?post=2858"},{"taxonomy":"product_tag","embeddable":true,"href":"https:\/\/tienda.synergy4u.eu\/ca\/wp-json\/wp\/v2\/product_tag?post=2858"}],"curies":[{"name":"wp","href":"https:\/\/api.w.org\/{rel}","templated":true}]}}