{"id":2712,"date":"2023-11-22T10:03:17","date_gmt":"2023-11-22T09:03:17","guid":{"rendered":"https:\/\/synergy4u.eu\/politica-de-proteccion-de-datos\/"},"modified":"2023-11-22T10:50:48","modified_gmt":"2023-11-22T09:50:48","slug":"politica-de-proteccion-de-datos","status":"publish","type":"page","link":"https:\/\/tienda.synergy4u.eu\/ca\/politica-de-proteccion-de-datos\/","title":{"rendered":"Pol\u00edtica de Protecci\u00f3 de dades"},"content":{"rendered":"<table width=\"585\">\n<tbody>\n<tr>\n<td colspan=\"2\" width=\"585\"><strong>Informaci\u00f3n b\u00e1sica sobre Protecci\u00f3n de Datos<\/strong><\/td>\n<td width=\"0\">&nbsp;<\/td>\n<\/tr>\n<tr>\n<td width=\"154\"><strong>Responsable<\/strong><\/td>\n<td width=\"430\">Synergy 4u S.L.<\/p>\n<p>CIF: B65905341<\/p>\n<p>Barri Can Natura, \u201cCal Sisplau\u201d, 08731 Sant Mart\u00ed Sarroca<\/td>\n<td width=\"0\">&nbsp;<\/td>\n<\/tr>\n<tr>\n<td width=\"154\"><strong>DPD<\/strong><\/td>\n<td width=\"430\">jose.dominguez@synergy4u.eu<\/td>\n<td width=\"0\">&nbsp;<\/td>\n<\/tr>\n<tr>\n<td width=\"154\"><strong>Contacto<\/strong><\/td>\n<td width=\"430\">info@synergy4u.eu<\/p>\n<p>Telf: 93 899 01 28<\/td>\n<td width=\"0\">&nbsp;<\/td>\n<\/tr>\n<tr>\n<td width=\"154\"><strong>Finalidad<\/strong><\/td>\n<td width=\"430\">1) Consultas y solicitudes de informaci\u00f3n de terceros: Dar respuesta a la solicitud planteada.<\/p>\n<p>2) Relaci\u00f3n con el cliente: Mantenimiento de la relaci\u00f3n contractual establecida entre la persona titular de los datos y \u201cSynergy4u\u201d para la gesti\u00f3n de clientes, fiscal y administrativa.<\/p>\n<p>3) Intranet: Dar acceso a los empleados a la Intranet empresarial.<\/td>\n<td width=\"0\">&nbsp;<\/td>\n<\/tr>\n<tr>\n<td width=\"154\"><strong>Legitimaci\u00f3n<\/strong><\/td>\n<td width=\"430\">1) Consultas y solicitudes de informaci\u00f3n de terceros: Inter\u00e9s leg\u00edtimo de atenci\u00f3n al interesado.<\/p>\n<p>2) Relaci\u00f3n con el cliente: Relaci\u00f3n contractual.<\/p>\n<p>3) Intranet: Relaci\u00f3n contractual.<\/td>\n<td width=\"0\">&nbsp;<\/td>\n<\/tr>\n<tr>\n<td width=\"154\"><strong>Conservaci\u00f3n<\/strong><\/td>\n<td width=\"430\">La informaci\u00f3n recabada de la persona interesada ser\u00e1 conservada mientras sea necesaria para cumplir con la finalidad para la cual fueron recabados los datos personales, de forma que, una vez cumplida la finalidad los datos ser\u00e1n cancelados. Dicha cancelaci\u00f3n dar\u00e1 lugar al bloqueo de los datos conserv\u00e1ndose \u00fanicamente a disposici\u00f3n de las AAPP, Jueces y Tribunales, para atender las posibles responsabilidades nacidas del tratamiento, durante el plazo de prescripci\u00f3n de \u00e9stas, cumplido el citado plazo se proceder\u00e1 a la destrucci\u00f3n de la informaci\u00f3n. En la segunda capa informativa se detallan los plazos de conservaci\u00f3n de la informaci\u00f3n en relaci\u00f3n a diferentes materias.<\/td>\n<td width=\"0\">&nbsp;<\/td>\n<\/tr>\n<tr>\n<td width=\"154\"><strong>Procedencia<\/strong><\/td>\n<td width=\"430\">1) Consultas y solicitudes de informaci\u00f3n de terceros: el propio interesado o su representante legal.<\/p>\n<p>2) Relaci\u00f3n con el cliente: el propio interesado o su representante legal.<\/p>\n<p>3) Intranet: el propio interesado o su representante legal.<\/td>\n<td width=\"0\">&nbsp;<\/td>\n<\/tr>\n<tr>\n<td width=\"154\"><strong>Destinatarios<\/strong><\/td>\n<td width=\"430\">1) Consultas y solicitudes de informaci\u00f3n de terceros: no se comparten datos personales con terceros.<\/p>\n<p>2) Relaci\u00f3n con el cliente: no se comparten datos personales con terceros.<\/p>\n<p>3) Intranet: Nuestro proveedor de hosting es Strato, con los servidores ubicados en la UE. No se comparten datos personales con otros terceros.<\/td>\n<td width=\"0\">&nbsp;<\/td>\n<\/tr>\n<tr>\n<td width=\"154\"><strong>Transferencias internacionales<\/strong><\/td>\n<td width=\"430\">No realizamos transferencias internacionales con sus datos.<\/td>\n<td width=\"0\">&nbsp;<\/td>\n<\/tr>\n<tr>\n<td width=\"154\"><strong>Derechos<\/strong><\/td>\n<td width=\"430\">Acceso, rectificaci\u00f3n, oposici\u00f3n, supresi\u00f3n, limitaci\u00f3n del tratamiento y portabilidad de los datos personales, como se explica en el correspondiente apartado.<\/td>\n<td width=\"0\">&nbsp;<\/td>\n<\/tr>\n<tr>\n<td width=\"154\"><strong>Informaci\u00f3n adicional<\/strong><\/td>\n<td width=\"430\">Puede consultar la informaci\u00f3n adicional y detallada sobre Protecci\u00f3n de Datos en el desglose de apartados que le presentamos a continuaci\u00f3n (segunda capa informativa).<\/td>\n<td width=\"0\">&nbsp;<\/td>\n<\/tr>\n<\/tbody>\n<\/table>\n<p><strong>Informaci\u00f3n general<\/strong><\/p>\n<p>La presente Pol\u00edtica de Privacidad tiene como finalidad dar a conocer las condiciones que rigen la recogida y tratamiento de sus datos personales por parte de nuestra entidad para velar por los derechos fundamentales, su honor y libertades, todo ello en cumplimiento de las normativas vigentes que regulan la Protecci\u00f3n de Datos personales: el Reglamento 2016\/679, del Parlamento Europeo y del Consejo, del 27 de abril de 2016, relativo a la protecci\u00f3n de las personas f\u00edsicas en lo que respecta al tratamiento de datos personales y a la circulaci\u00f3n de estos datos, (en adelante RGPD); y la Ley Org\u00e1nica 3\/2018, de 5 de diciembre, de Protecci\u00f3n de Datos Personales y garant\u00eda de los derechos digitales (en adelante LOPDGDD).<\/p>\n<p>En conformidad con dichas normativas, necesitamos disponer de su autorizaci\u00f3n y consentimiento para la recogida y el tratamiento de sus datos personales, por lo que a continuaci\u00f3n, le indicamos todos los detalles de su inter\u00e9s respecto a c\u00f3mo realizamos estos procesos, con qu\u00e9 finalidades, que otras entidades podr\u00edan tener acceso a sus datos y cu\u00e1les son sus derechos.<\/p>\n<p><strong>Responsable. \u00bfQui\u00e9n es el Responsable del tratamiento de sus datos?<\/strong><\/p>\n<p>El Responsable del Tratamiento de Datos es aquella persona f\u00edsica o jur\u00eddica, de naturaleza p\u00fablica o privada, u \u00f3rgano administrativo, que solo o conjuntamente con otros determine los fines y medios del tratamiento de datos personales.<\/p>\n<p>Le informamos que Synergy 4u S.L. (en adelante \u201cSynergy4u\u201d) es el titular de la web synergy4u.eu, conCIF: B65905341 y direcci\u00f3n Barri Can Natura, \u201cCal Sisplau\u201d, 08731 Sant Mart\u00ed Sarroca. Puede contactar por correo electr\u00f3nico en info@synergy4u.eu o bien telef\u00f3nicamente al 93 899 01 28.<\/p>\n<p>Los datos personales que se soliciten, en su caso, consistir\u00e1n \u00fanicamente en aquellos estrictamente imprescindibles para identificar y atender la solicitud realizada por la persona titular de los mismos, en adelante el interesado. Dicha informaci\u00f3n ser\u00e1 tratada de forma leal, l\u00edcita y transparente en relaci\u00f3n con el interesado. Por otra parte, los datos personales ser\u00e1n recogidos para finalidades determinadas expl\u00edcitas y leg\u00edtimas, no siendo tratados ulteriormente de manera incompatible con dichos fines.<\/p>\n<p>Los datos recogidos de cada interesado ser\u00e1n adecuados, pertinentes y no excesivos en relaci\u00f3n a las finalidades correspondientes para cada caso, y ser\u00e1n actualizados siempre que sea necesario.<\/p>\n<p>La persona titular de los datos ser\u00e1 informada, con car\u00e1cter previo a la recogida de sus datos, de los extremos generales regulados en esta pol\u00edtica a fin de que pueda prestar el consentimiento expreso, preciso e inequ\u00edvoco para el tratamiento de sus datos, si \u00e9ste fuese necesario y conforme a los siguientes aspectos.<\/p>\n<p><strong>Finalidad. \u00bfCon qu\u00e9 finalidad tratamos sus datos personales?<\/strong><\/p>\n<p>La informaci\u00f3n personal que nos facilite a trav\u00e9s de los correos electr\u00f3nicos y\/o formularios se mantendr\u00e1 confidencial y protegida. En ning\u00fan caso se destinar\u00e1 o utilizar\u00e1 para otros fines, ni se entregar\u00e1 a terceras personas sin su consentimiento, de acuerdo con los principios del RGPD 679\/2016 y la L.O. 3\/2018. Para cumplir con las distintas disposiciones legales, hemos establecido diferentes niveles de seguridad para proteger los datos personales que nos faciliten, habiendo adoptado todas las medidas t\u00e9cnicas a nuestro alcance para evitar la p\u00e9rdida, mal uso, alteraci\u00f3n, acceso no autorizado y manipulaci\u00f3n de dichos datos personales.<\/p>\n<p>A continuaci\u00f3n, le detallamos los usos y finalidades previstas:<\/p>\n<p>1) Consultas y solicitudes de informaci\u00f3n de terceros: Dar respuesta a la solicitud planteada.<\/p>\n<p>2) Relaci\u00f3n con el cliente: Mantenimiento de la relaci\u00f3n contractual establecida entre la persona titular de los datos y \u201cSynergy4u\u201d para la gesti\u00f3n de clientes, fiscal y administrativa.<\/p>\n<p>3) Intranet: Dar acceso a los empleados a la Intranet empresarial. El empleado tendr\u00e1 acceso a los procesos administrativos de la empresa, as\u00ed como contenido corporativo.<\/p>\n<p><strong>Legitimaci\u00f3n. \u00bfCu\u00e1l es la legitimaci\u00f3n para el tratamiento de sus datos?<\/strong><\/p>\n<p>La recogida y el tratamiento de sus datos est\u00e1 legitimado siempre por una o varias bases jur\u00eddicas, las cuales detallamos a continuaci\u00f3n:<\/p>\n<p>1) Consultas y solicitudes de informaci\u00f3n de terceros: Inter\u00e9s leg\u00edtimo de atenci\u00f3n al interesado.<\/p>\n<p>2) Relaci\u00f3n con el cliente: Relaci\u00f3n contractual.<\/p>\n<p>3) Intranet: Relaci\u00f3n contractual.<\/p>\n<p><strong>Conservaci\u00f3n. \u00bfPor cu\u00e1nto tiempo conservaremos sus datos?<\/strong><\/p>\n<p>Utilizamos sus datos durante el tiempo estrictamente necesario para cumplir las finalidades indicadas anteriormente. A continuaci\u00f3n, le detallamos el tiempo que conservamos los datos:<\/p>\n<p>A t\u00edtulo informativo se recogen los plazos de conservaci\u00f3n de la informaci\u00f3n en relaci\u00f3n a diferentes materias:<\/p>\n<table width=\"100%\">\n<tbody>\n<tr>\n<td width=\"199\">DOCUMENTO<\/td>\n<td width=\"122\">PLAZO<\/td>\n<td width=\"244\">REF.\u00a0 LEGAL<\/td>\n<\/tr>\n<tr>\n<td width=\"199\">Documentaci\u00f3n de car\u00e1cter laboral o relacionada con la seguridad social<\/td>\n<td width=\"122\">4 a\u00f1os<\/td>\n<td width=\"244\">Art\u00edculo 21 del Real Decreto Legislativo 5\/2000, de 4 de agosto, por el que se aprueba el texto refundido de la Ley sobre Infracciones y Sanciones en el Orden Social<\/td>\n<\/tr>\n<tr>\n<td width=\"199\">Documentaci\u00f3n contable y fiscal a efectos mercantiles<\/td>\n<td width=\"122\">6 a\u00f1os<\/td>\n<td width=\"244\">Art. 30 C\u00f3digo Comercio<\/td>\n<\/tr>\n<tr>\n<td width=\"199\">Documentaci\u00f3n contable y fiscal a efectos fiscales<\/td>\n<td width=\"122\">4 a\u00f1os<\/td>\n<td width=\"244\">Art\u00edculos 66 a 70 Ley General Tributaria<\/td>\n<\/tr>\n<tr>\n<td width=\"199\">Datos para el env\u00edo de informaci\u00f3n sobre servicios<\/td>\n<td width=\"122\">Mientras el interesado no solicite su supresi\u00f3n<\/td>\n<td width=\"244\">No aplicable<\/td>\n<\/tr>\n<tr>\n<td width=\"199\">Datos de personas que han contactado<\/td>\n<td width=\"122\">Mientras no solicite su supresi\u00f3n<\/td>\n<td width=\"244\">No aplicable<\/td>\n<\/tr>\n<\/tbody>\n<\/table>\n<p>Los curr\u00edculums vitae que se reciban se almacenar\u00e1n durante un a\u00f1o, posteriormente ser\u00e1n destruidos.<\/p>\n<p><strong>Procedencia. \u00bfC\u00f3mo hemos obtenido sus datos?<\/strong><\/p>\n<p>Visitar la web de \u201cSynergy4u\u201d no supone que el usuario est\u00e9 obligado a facilitar ninguna informaci\u00f3n sobre s\u00ed mismo.<\/p>\n<p>\u201cSynergy4u\u201d proh\u00edbe expresamente que los menores de dieciocho a\u00f1os faciliten Datos Personales sin el consentimiento previo de sus padres o tutores.<\/p>\n<p>A continuaci\u00f3n, le indicamos la procedencia de los datos:<\/p>\n<p>1) Consultas y solicitudes de informaci\u00f3n de terceros: el propio interesado o su representante legal.<\/p>\n<p>2) Relaci\u00f3n con el cliente: el propio interesado o su representante legal.<\/p>\n<p>3) Intranet: el propio interesado o su representante legal. En el formulario de acceso a la Intranet se solicitar\u00e1 su usuario y contrase\u00f1a.<\/p>\n<p><strong>Medidas de seguridad. \u00bfQu\u00e9 hacemos para proteger sus datos?<\/strong><\/p>\n<p>\u201cSynergy4u\u201d adopta las medidas organizativas y t\u00e9cnicas necesarias para garantizar la seguridad y la privacidad de sus datos, evitar su alteraci\u00f3n, p\u00e9rdida, tratamiento o acceso no autorizado, dependiendo del estado de la tecnolog\u00eda, la naturaleza de los datos almacenados y los riesgos a que est\u00e1n expuestos.<\/p>\n<p>Entre otras, destacan las siguientes medidas:<\/p>\n<ul>\n<li>Garantizar la confidencialidad, integridad, disponibilidad y resiliencia permanentes de los sistemas y servicios de tratamiento.<\/li>\n<li>Restaurar la disponibilidad y el acceso a los datos personales de forma r\u00e1pida, en caso de incidente f\u00edsico o t\u00e9cnico.<\/li>\n<li>Verificar, evaluar y valorar, de forma regular, la eficacia de las medidas t\u00e9cnicas y organizativas implementadas para garantizar la seguridad del tratamiento.<\/li>\n<li>Seudonimizar y cifrar los datos personales, en caso de que se trate de datos sensibles.<\/li>\n<\/ul>\n<p><strong>Destinatarios. \u00bfA qu\u00e9 destinatarios se comunicar\u00e1n sus datos?<\/strong><\/p>\n<p>Estos datos ser\u00e1n tratados por \u201cSynergy4u\u201d. Compartimos sus datos con prestadores de servicios que nos ayudan o dan soporte (encargados del tratamiento), con los que se ha celebrado el preceptivo contrato en los t\u00e9rminos del art\u00edculo 28 del RGPD. \u00a0En resumen:<\/p>\n<p>1) Consultas y solicitudes de informaci\u00f3n de terceros: No se comparten datos personales con terceros.<\/p>\n<p>2) Relaci\u00f3n con el cliente: No se comparten datos personales con terceros.<\/p>\n<p>3) Intranet: Nuestro proveedor de hosting es Strato, con los servidores ubicados en la UE. No se comparten datos personales con otros terceros.<\/p>\n<p>Los datos de nuestro proveedor de hosting:<\/p>\n<p>STRATO AG<\/p>\n<p>Sede social<\/p>\n<p>(Sociedad An\u00f3nima): Otto-Ostrowski-Stra\u00dfe 7<\/p>\n<p>10249 Berlin<\/p>\n<p>Registro: Berl\u00edn Charlottenburg HRB 79450<\/p>\n<p>N.I.F.: DE 211 045 709<\/p>\n<p>Puede encontrar m\u00e1s informaci\u00f3n en: https:\/\/www.strato.es\/proteccion-de-datos\/<\/p>\n<p>No realizamos transferencias internacionales con sus datos personales.<\/p>\n<p><strong>Derechos. \u00bfCu\u00e1les son sus derechos cuando nos facilita sus datos?<\/strong><\/p>\n<p>La normativa vigente de protecci\u00f3n de datos le ampara en una serie de derechos en relaci\u00f3n con el uso que le damos a sus datos personales. Todos y cada uno de sus derechos son unipersonales e intransferibles, es decir, que \u00fanicamente pueden ser ejercidos por el titular de los datos, previa comprobaci\u00f3n de su identidad.<\/p>\n<p>A continuaci\u00f3n, le indicamos cuales son los derechos que le asisten:<\/p>\n<ul>\n<li>Solicitar el acceso a sus datos personales<\/li>\n<li>Solicitar la rectificaci\u00f3n de sus datos<\/li>\n<li>Solicitar la supresi\u00f3n o eliminaci\u00f3n de sus datos (derecho al \u00abolvido\u00bb)<\/li>\n<li>Limitar u oponerse al uso que le damos a sus datos<\/li>\n<li>Derecho a la portabilidad de sus datos para casos de servicios de telecomunicaciones o internet.<\/li>\n<li>Derecho a retirar su consentimiento en cualquier momento<\/li>\n<li>Derecho a presentar una reclamaci\u00f3n en materia de protecci\u00f3n de datos ante la Autoridad de Control: Agencia Espa\u00f1ola de Protecci\u00f3n de Datos<\/li>\n<\/ul>\n<p>\u00bfC\u00f3mo puede ejercer sus derechos?<\/p>\n<p>Para el ejercicio de sus derechos de acceso, rectificaci\u00f3n, supresi\u00f3n, limitaci\u00f3n u oposici\u00f3n, portabilidad y retirada de su consentimiento, puede hacerlo de la siguiente forma:<\/p>\n<p>Presencialmente o por correo electr\u00f3nico en:<\/p>\n<p>Synergy 4u S.L.<\/p>\n<p>CIF: B65905341<\/p>\n<p>info@synergy4u.eu<\/p>\n<p>DPD: jose.dominguez@synergy4u.eu<\/p>\n<p>Adem\u00e1s de los derechos que le asisten, si cree que sus datos no se est\u00e1n recabando o tratando conforme a la normativa vigente de Protecci\u00f3n de Datos, usted podr\u00e1 realizar una reclamaci\u00f3n ante la Autoridad de Control, cuyos datos de contacto indicamos a continuaci\u00f3n:<\/p>\n<p>Agencia Espa\u00f1ola de Protecci\u00f3n de Datos<\/p>\n<p>C\/ Jorge Juan, 6. 28001, Madrid.<\/p>\n<p>Email: info@agpd.es<\/p>\n<p>Tel\u00e9fono: 912663517<\/p>\n<p>Web: https:\/\/www.agpd.es<\/p>\n<p><strong>Consentimiento y aceptaci\u00f3n<\/strong><\/p>\n<p>La aceptaci\u00f3n del presente documento indica que usted entiende y acepta todas las cl\u00e1usulas de nuestra pol\u00edtica de privacidad por lo que autoriza la recogida y el tratamiento de sus datos personales en estos t\u00e9rminos. El usuario que facilite datos personales trav\u00e9s del correo electr\u00f3nico de \u201cSynergy4u\u201d, est\u00e1 proporcionando voluntariamente datos de car\u00e1cter personal.<\/p>\n","protected":false},"excerpt":{"rendered":"<p>Informaci\u00f3n b\u00e1sica sobre Protecci\u00f3n de Datos &nbsp; Responsable Synergy 4u S.L. CIF: B65905341 Barri Can Natura, \u201cCal Sisplau\u201d, 08731 Sant Mart\u00ed Sarroca &nbsp; DPD jose.dominguez@synergy4u.eu &nbsp; Contacto info@synergy4u.eu Telf: 93 899 01 28 &nbsp; Finalidad 1) Consultas y solicitudes de informaci\u00f3n de terceros: Dar respuesta a la solicitud planteada. 2) Relaci\u00f3n con el cliente: Mantenimiento de la relaci\u00f3n contractual establecida entre<\/p>\n","protected":false},"author":1,"featured_media":0,"parent":0,"menu_order":0,"comment_status":"closed","ping_status":"open","template":"","meta":{"footnotes":""},"class_list":["post-2712","page","type-page","status-publish","hentry"],"aioseo_notices":[],"_links":{"self":[{"href":"https:\/\/tienda.synergy4u.eu\/ca\/wp-json\/wp\/v2\/pages\/2712","targetHints":{"allow":["GET"]}}],"collection":[{"href":"https:\/\/tienda.synergy4u.eu\/ca\/wp-json\/wp\/v2\/pages"}],"about":[{"href":"https:\/\/tienda.synergy4u.eu\/ca\/wp-json\/wp\/v2\/types\/page"}],"author":[{"embeddable":true,"href":"https:\/\/tienda.synergy4u.eu\/ca\/wp-json\/wp\/v2\/users\/1"}],"replies":[{"embeddable":true,"href":"https:\/\/tienda.synergy4u.eu\/ca\/wp-json\/wp\/v2\/comments?post=2712"}],"version-history":[{"count":1,"href":"https:\/\/tienda.synergy4u.eu\/ca\/wp-json\/wp\/v2\/pages\/2712\/revisions"}],"predecessor-version":[{"id":2713,"href":"https:\/\/tienda.synergy4u.eu\/ca\/wp-json\/wp\/v2\/pages\/2712\/revisions\/2713"}],"wp:attachment":[{"href":"https:\/\/tienda.synergy4u.eu\/ca\/wp-json\/wp\/v2\/media?parent=2712"}],"curies":[{"name":"wp","href":"https:\/\/api.w.org\/{rel}","templated":true}]}}