{"id":2710,"date":"2023-11-22T09:59:33","date_gmt":"2023-11-22T08:59:33","guid":{"rendered":"https:\/\/synergy4u.eu\/politica-de-cookies\/"},"modified":"2023-11-22T10:49:42","modified_gmt":"2023-11-22T09:49:42","slug":"politica-de-cookies","status":"publish","type":"page","link":"https:\/\/tienda.synergy4u.eu\/ca\/politica-de-cookies\/","title":{"rendered":"Pol\u00edtica de cookies"},"content":{"rendered":"<p style=\"font-weight: 400;\">Las cookies son peque\u00f1os archivos que se instalan en el ordenador del usuario y que permiten al responsable de un servicio mejorar la forma de interactuar entre sus visitantes y su sitio web. En algunos casos, la instalaci\u00f3n de estas cookies requiere del consentimiento del usuario.<\/p>\n<p style=\"font-weight: 400;\">Existen diferentes clases de cookies, afectadas y no afectadas por la Ley:<\/p>\n<p style=\"font-weight: 400;\">Cookies no afectadas:<\/p>\n<ul style=\"font-weight: 400;\">\n<li>T\u00e9cnicas:\u00a0Son necesaria para la navegaci\u00f3n. Sin ellas la p\u00e1gina no funcionar\u00eda adecuadamente.<\/li>\n<li>De personalizaci\u00f3n o configuraci\u00f3n:\u00a0Permiten que la p\u00e1gina reconozca el idioma del usuario, el tama\u00f1o de letras, etc.<\/li>\n<li>De seguridad:\u00a0Impiden o dificultan ataques contra el sitio web o sus usuarios.<\/li>\n<\/ul>\n<p style=\"font-weight: 400;\">Cookies afectadas:<\/p>\n<ul style=\"font-weight: 400;\">\n<li>Anal\u00edticas:\u00a0Permiten medir la actividad de los usuarios y elaborar estad\u00edsticas de navegaci\u00f3n.<\/li>\n<li>Publicitarias:\u00a0Gestionan la frecuencia y el contenido de los anuncios.<\/li>\n<li>De seguimiento:\u00a0Almacenan informaci\u00f3n sobre los usuarios para mostrarles publicidad personalizada.<\/li>\n<\/ul>\n<p style=\"font-weight: 400;\">\u201cSynergy4u\u201d\u00a0informa que el sitio web utiliza las siguientes cookies en el dominio synergy4u.eu:<\/p>\n<p style=\"font-weight: 400;\"><strong><u>Cookies necesarias:<\/u><\/strong>\u00a0Las cookies necesarias ayudan a hacer una p\u00e1gina web utilizable activando funciones b\u00e1sicas como la navegaci\u00f3n en la p\u00e1gina y el acceso a \u00e1reas seguras de la p\u00e1gina web. La p\u00e1gina web no puede funcionar adecuadamente sin estas cookies.<\/p>\n<table width=\"714\">\n<tbody>\n<tr>\n<td width=\"153\">Dominio<\/td>\n<td width=\"117\">Titularidad<\/td>\n<td width=\"84\">Nombre<\/td>\n<td width=\"181\">Funci\u00f3n<\/td>\n<td width=\"66\">Tipo<\/td>\n<td width=\"112\">Duraci\u00f3n<\/td>\n<\/tr>\n<tr>\n<td width=\"153\">synergy4u.eu<\/td>\n<td width=\"117\">\u201cSynergy4u\u201d<\/td>\n<td width=\"84\">JSESSIONID<\/td>\n<td width=\"181\">Conserva los estados de los usuarios en las solicitudes de p\u00e1gina.<\/td>\n<td width=\"66\">http<\/td>\n<td width=\"112\">Sesi\u00f3n<\/td>\n<\/tr>\n<\/tbody>\n<\/table>\n<p style=\"font-weight: 400;\">Para m\u00e1s informaci\u00f3n de c\u00f3mo gestionar las cookies consulte los siguientes enlaces:<\/p>\n<p style=\"font-weight: 400;\">Chrome desde aqu\u00ed:\u00a0<a href=\"http:\/\/support.google.com\/chrome\/bin\/answer.py?hl=es&amp;answer=95647\">http:\/\/support.google.com\/chrome\/bin\/answer.py?hl=es&amp;answer=95647<\/a><\/p>\n<p style=\"font-weight: 400;\">Firefox desde aqu\u00ed:\u00a0<a href=\"http:\/\/support.mozilla.org\/es\/kb\/habilitar-y-deshabilitar-cookies-que-los-sitios-we\">http:\/\/support.mozilla.org\/es\/kb\/habilitar-y-deshabilitar-cookies-que-los-sitios-we<\/a><\/p>\n<p style=\"font-weight: 400;\">Explorer desde aqu\u00ed:\u00a0<a href=\"https:\/\/support.microsoft.com\/es-es\/help\/17442\/windows-internet-explorer-delete-manage-cookies\">https:\/\/support.microsoft.com\/es-es\/help\/17442\/windows-internet-explorer-delete-manage-cookies<\/a><\/p>\n<p style=\"font-weight: 400;\">Safari desde aqu\u00ed:\u00a0<a href=\"http:\/\/support.apple.com\/kb\/ph5042\">http:\/\/support.apple.com\/kb\/ph5042<\/a><\/p>\n<p style=\"font-weight: 400;\">Opera desde aqu\u00ed:\u00a0<a href=\"http:\/\/help.opera.com\/Windows\/11.50\/es-ES\/cookies.html\">http:\/\/help.opera.com\/Windows\/11.50\/es-ES\/cookies.html<\/a><\/p>\n<p style=\"font-weight: 400;\">SERVICIOS DE TERCEROS<\/p>\n<p style=\"font-weight: 400;\">Adicionalmente, \u201cSynergy4u\u201d tiene presencia en portales para los que, si desea conocer las condiciones de privacidad y uso de cookies, deber\u00e1n consultarse las pol\u00edticas proporcionadas por los mismos:<\/p>\n<p style=\"font-weight: 400;\">Google: https:\/\/policies.google.com\/technologies\/cookies?hl=es<\/p>\n","protected":false},"excerpt":{"rendered":"<p>Las cookies son peque\u00f1os archivos que se instalan en el ordenador del usuario y que permiten al responsable de un servicio mejorar la forma de interactuar entre sus visitantes y su sitio web. En algunos casos, la instalaci\u00f3n de estas cookies requiere del consentimiento del usuario. Existen diferentes clases de cookies, afectadas y no afectadas por la Ley: Cookies no afectadas:<\/p>\n","protected":false},"author":1,"featured_media":0,"parent":0,"menu_order":0,"comment_status":"closed","ping_status":"open","template":"","meta":{"footnotes":""},"class_list":["post-2710","page","type-page","status-publish","hentry"],"aioseo_notices":[],"_links":{"self":[{"href":"https:\/\/tienda.synergy4u.eu\/ca\/wp-json\/wp\/v2\/pages\/2710","targetHints":{"allow":["GET"]}}],"collection":[{"href":"https:\/\/tienda.synergy4u.eu\/ca\/wp-json\/wp\/v2\/pages"}],"about":[{"href":"https:\/\/tienda.synergy4u.eu\/ca\/wp-json\/wp\/v2\/types\/page"}],"author":[{"embeddable":true,"href":"https:\/\/tienda.synergy4u.eu\/ca\/wp-json\/wp\/v2\/users\/1"}],"replies":[{"embeddable":true,"href":"https:\/\/tienda.synergy4u.eu\/ca\/wp-json\/wp\/v2\/comments?post=2710"}],"version-history":[{"count":1,"href":"https:\/\/tienda.synergy4u.eu\/ca\/wp-json\/wp\/v2\/pages\/2710\/revisions"}],"predecessor-version":[{"id":2711,"href":"https:\/\/tienda.synergy4u.eu\/ca\/wp-json\/wp\/v2\/pages\/2710\/revisions\/2711"}],"wp:attachment":[{"href":"https:\/\/tienda.synergy4u.eu\/ca\/wp-json\/wp\/v2\/media?parent=2710"}],"curies":[{"name":"wp","href":"https:\/\/api.w.org\/{rel}","templated":true}]}}